{"id":10,"date":"2019-09-14T08:52:31","date_gmt":"2019-09-14T08:52:31","guid":{"rendered":"http:\/\/bgsp-ev.de\/?page_id=10"},"modified":"2025-08-02T06:07:59","modified_gmt":"2025-08-02T06:07:59","slug":"ueber-die-bgsp","status":"publish","type":"page","link":"https:\/\/bgsp-ev.de\/?page_id=10","title":{"rendered":"\u00dcber die BGSP"},"content":{"rendered":"<header class=\"entry-header\"><span style=\"font-size: inherit;\">Die Berliner Gesellschaft f\u00fcr Soziale Psychiatrie e.V. (BGSP) ist der Berliner Landesverband der Deutschen Gesellschaft f\u00fcr Soziale Psychiatrie (DGSP). Weitere Informationen \u00fcber die DGSP erhalten Sie unter <\/span><a style=\"font-size: inherit;\" href=\"https:\/\/www.dgsp-ev.de\/startseite.html\" target=\"_blank\" rel=\"noreferrer noopener\">www.psychiatrie.de<\/a><span style=\"font-size: inherit;\">.<\/span><\/header>\r\n<div class=\"entry-content\">\r\n<p><br \/>Zur grunds\u00e4tzlichen Orientierung zitieren wir aus der Satzung: \u201eDie DGSP stellt sich die Aufgabe, zur Entwicklung einer Psychiatrie beizutragen, die an den Bed\u00fcrfnissen der psychisch Kranken und psychosozial Leidenden orientiert und insofern gesellschaftsbezogen ist, als sie die sozialen und psychischen Ursachen, Begleitumst\u00e4nde und Folgen seelischen Krankseins zum Gegenstand ihres Handelns macht.\u201c<\/p>\r\n<p>Die vollst\u00e4ndige Satzung k\u00f6nnen Sie sich hier ansehen oder herunterladen:<\/p>\r\n<table class=\"wp-block-table\">\r\n<tbody>\r\n<tr>\r\n<td>\u00a0<\/td>\r\n<td><a href=\"https:\/\/bgsp-ev.de\/wp-content\/uploads\/2019\/09\/Satzung.pdf\">BGSP-Satzung<\/a><\/td>\r\n<\/tr>\r\n<\/tbody>\r\n<\/table>\r\n<p><br \/>Die DGSP versteht sich als berufs- und fach\u00fcbergreifender gesundheitspolitischer Verband und nicht als Standesorganisation. Mitglied der DGSP kann jeder werden, der die Ziele der DGSP unterst\u00fctzt und zu ihrer Verwirklichung beitragen m\u00f6chte.\u00a0<br \/><br \/>Weitere Argumente f\u00fcr eine Mitgliedschaft finden Sie hier:<\/p>\r\n<table class=\"wp-block-table\">\r\n<tbody>\r\n<tr>\r\n<td>\u00a0<\/td>\r\n<td><a href=\"http:\/\/bgsp-ev.de\/wp-content\/uploads\/2019\/09\/dgsp_mitgliedwerden2019.pdf\">Mitglied <\/a><a href=\"https:\/\/bgsp-ev.de\/wp-content\/uploads\/2019\/09\/dgsp_mitgliedwerden2019.pdf\">werden<\/a><a href=\"https:\/\/www.bgsp-ev.de\/pdfs\/Mitglied_werden.pdf\">\u2026<\/a><\/td>\r\n<\/tr>\r\n<\/tbody>\r\n<\/table>\r\n<p>Vorstand<br \/>Der Vorstand der BGSP trifft sich regelm\u00e4\u00dfig zu \u00f6ffentlichen Sitzungen. Sie sind herzlich eingeladen. Den n\u00e4chsten Termin sehen Sie auf dieser Webseite unter der Rubrik &gt;Aktuelles&lt;. Sie k\u00f6nnen den Ort und Zeitpunkt auch\u00a0<a href=\"mailto:holix.kuehne@t-online.de\">per E-Mail<\/a>\u00a0erfragen.<\/p>\r\n<p>Rechenschafts- und Kassenberichte<br \/>Die Rechenschafts- und Kassenberichte finden Sie unter der Rubrik &gt;Texte und Berichte&lt;.<\/p>\r\n<p>Infos<br \/>Informationen \u00fcber in n\u00e4chster Zeit geplante Veranstaltungen und weitere Aktivit\u00e4ten erhalten Sie auf der <a href=\"https:\/\/bgsp-ev.de\/\">Startseite<\/a>.<\/p>\r\n<p>Wenn Sie sind die DGSP eintreten m\u00f6chten, k\u00f6nnen Sie sich hier eine Beitrittserkl\u00e4rung herunterladen. Diese senden Sie dann bitte ausgef\u00fcllt an die Bundesgesch\u00e4ftsstelle der DGSP e.V., Zeltinger Stra\u00dfe 9, 50969 K\u00f6ln.<\/p>\r\n<table class=\"wp-block-table\">\r\n<tbody>\r\n<tr>\r\n<td>\u00a0<\/td>\r\n<td><a href=\"https:\/\/bgsp-ev.de\/wp-content\/uploads\/2019\/09\/Beitrittserklaerung_2019.pdf\">Beitrittserkl\u00e4rung<\/a><\/td>\r\n<\/tr>\r\n<\/tbody>\r\n<\/table>\r\n<p>Die BGSP ist Mitglied im Landesverband Berlin des Parit\u00e4tischen Wohlfahrtsverbands und F\u00f6rdermitglied von exPEERienced e. V.. Die BGSP finanziert sich ausschlie\u00dflich \u00fcber Mitgliedsbeitr\u00e4ge und Spenden. F\u00fcr Tagungen und andere Aktivit\u00e4ten werden ggf. Zusch\u00fcsse beim Land Berlin oder bei Wohlfahrtsverb\u00e4nden beantragt.<br \/><br \/>Die BGSP ist vom Finanzamt f\u00fcr K\u00f6rperschaften als gemeinn\u00fctzig anerkannt und von der K\u00f6rperschaftssteuer und Gewerbesteuer befreit. Der letzte Bescheid f\u00fcr die Jahre 2022 bis 2024 ist datiert vom 17.04.2025 . (Steuernummer 27\/661\/57747)<\/p>\r\n<p><strong>Spenden an die BGSP sind daher steuerlich absetzbar.<\/strong>\u00a0Sie erhalten von uns auf Wunsch eine entsprechende Bescheinigung.<br \/><br \/>Spendenkonto:\u00a0<br \/>Sozialbank AG<br \/>IBAN DE79 3702 0500 0003 3132 00<br \/>BIC BFSWDE33XXX<\/p>\r\n<\/div>\r\n","protected":false},"excerpt":{"rendered":"<p>Die Berliner Gesellschaft f\u00fcr Soziale Psychiatrie e.V. (BGSP) ist der Berliner Landesverband der Deutschen Gesellschaft f\u00fcr Soziale Psychiatrie (DGSP). Weitere Informationen \u00fcber die DGSP erhalten Sie unter www.psychiatrie.de. Zur grunds\u00e4tzlichen Orientierung zitieren wir aus der Satzung: \u201eDie DGSP stellt sich die Aufgabe, zur Entwicklung einer Psychiatrie beizutragen, die an den Bed\u00fcrfnissen der psychisch Kranken und\u2026 <span class=\"read-more\"><a href=\"https:\/\/bgsp-ev.de\/?page_id=10\">Weiterlesen &raquo;<\/a><\/span><\/p>\n","protected":false},"author":1,"featured_media":0,"parent":0,"menu_order":4,"comment_status":"closed","ping_status":"closed","template":"","meta":{"footnotes":""},"class_list":["post-10","page","type-page","status-publish","hentry"],"_links":{"self":[{"href":"https:\/\/bgsp-ev.de\/index.php?rest_route=\/wp\/v2\/pages\/10","targetHints":{"allow":["GET"]}}],"collection":[{"href":"https:\/\/bgsp-ev.de\/index.php?rest_route=\/wp\/v2\/pages"}],"about":[{"href":"https:\/\/bgsp-ev.de\/index.php?rest_route=\/wp\/v2\/types\/page"}],"author":[{"embeddable":true,"href":"https:\/\/bgsp-ev.de\/index.php?rest_route=\/wp\/v2\/users\/1"}],"replies":[{"embeddable":true,"href":"https:\/\/bgsp-ev.de\/index.php?rest_route=%2Fwp%2Fv2%2Fcomments&post=10"}],"version-history":[{"count":15,"href":"https:\/\/bgsp-ev.de\/index.php?rest_route=\/wp\/v2\/pages\/10\/revisions"}],"predecessor-version":[{"id":959,"href":"https:\/\/bgsp-ev.de\/index.php?rest_route=\/wp\/v2\/pages\/10\/revisions\/959"}],"wp:attachment":[{"href":"https:\/\/bgsp-ev.de\/index.php?rest_route=%2Fwp%2Fv2%2Fmedia&parent=10"}],"curies":[{"name":"wp","href":"https:\/\/api.w.org\/{rel}","templated":true}]}}