{"id":15,"date":"2019-09-14T08:54:07","date_gmt":"2019-09-14T08:54:07","guid":{"rendered":"http:\/\/bgsp-ev.de\/?page_id=15"},"modified":"2019-11-30T20:25:02","modified_gmt":"2019-11-30T20:25:02","slug":"impressum","status":"publish","type":"page","link":"https:\/\/bgsp-ev.de\/?page_id=15","title":{"rendered":"Impressum"},"content":{"rendered":"<p><\/p>\r\n<p><strong>Verantwortlich f\u00fcr den Inhalt<br \/>Berliner Gesellschaft f\u00fcr Soziale Psychiatrie (BGSP) in der DGSP e.V.<br \/><\/strong><\/p>\r\n<p>Eingetragen im Vereinsregister des Amtsgerichts Charlottenburg <br \/>Aktenzeichen VR 5295 B<br \/>Sitz: Berlin<br \/>www.bgsp-ev.de<br \/>E-Mail: bgsp-ev@gmx.de<br \/><br \/><br \/><strong>Postanschrift<\/strong><\/p>\r\n<p>Berliner Gesellschaft f\u00fcr Soziale Psychiatrie e.V.<br \/>c\/o Holger K\u00fchne<br \/>Innsbrucker Stra\u00dfe 2<br \/>10825 Berlin<br \/><br \/><br \/><strong>Webseite<br \/>Konzeption, grafische Gestaltung und Realisierung<\/strong><\/p>\r\n<p>Ilja Ruhl<br \/>E-Mail: ilja-ruhl@web.de<br \/><br \/><strong>Redaktion<\/strong><\/p>\r\n<p>Ilja Ruhl<br \/>E-Mail: ilja-ruhl@web.de<br \/>Holger K\u00fchne<br \/>E-Mail: holix.kuehne@t-online.de<\/p>\r\n<p><strong><br \/>Haftung f\u00fcr Links auf www.bgsp-ev.de<\/strong><\/p>\r\n<p>Mit Urteil vom 12. Mai 1998 &#8211; 312 O 85\/98 &#8222;Haftung f\u00fcr Links&#8220; &#8211; hat das Landgericht \u00a0(LG) Hamburg entschieden, dass man durch die Anbringen eines Links die Inhalt der gelinkten Seiten ggf. mitzuverantworten hat.<br \/>Dies kann &#8211; so das LG &#8211; nur dadurch verhindert, indem man sich ausdr\u00fccklich von diesem Inhalten distanziert.<br \/>Hiermit distanzieren wir uns deswegen ausdr\u00fccklich von allen Inhalten aller gelinkten Seiten auf unserer Homepage und machen uns diese Inhalte nicht zu eigen. Diese Erkl\u00e4rung gilt f\u00fcr alle Links auf dieser Webseite.<br \/><strong><br \/>Datenschutzerkl\u00e4rung<\/strong><\/p>\r\n<p>Wir nehmen den Schutz Ihrer pers\u00f6nlichen Daten sehr ernst und halten uns strikt an die Regeln der Datenschutz\u00adgesetze. Personenbezogene Daten werden auf dieser Webseite nur im technisch notwendigen Umfang erhoben.<\/p>\r\n<p>Die Daten werden nicht verkauft oder aus anderen Gr\u00fcnden an Dritte weitergegeben. Die nachfolgende Erkl\u00e4rung gibt Ihnen einen \u00dcberblick dar\u00fcber, wie wir den Datenschutz gew\u00e4hrleisten und welche Art von Daten zu welchem Zweck erhoben werden.<\/p>\r\n<p><strong>Datenverarbeitung auf dieser Internetseite<\/strong><\/p>\r\n<p>In den Serverstatistiken werden automatisch solche Daten gespeichert, die Ihre Zugangssoftware (Browser) an uns \u00fcbermittelt. Dies geschieht beim Betrachten von Internetseiten generell.<\/p>\r\n<p>Die gespeicherten Daten sind:<\/p>\r\n<ul>\r\n<li>Browsertyp und -version<\/li>\r\n<li>verwendetes Betriebssystem Ihres Rechners<\/li>\r\n<li>die zuvor besuchte Seite (Referrer URL)<\/li>\r\n<li>der Name des zugreifenden Rechners (IP Adresse)<\/li>\r\n<li>die Uhrzeit, zu der die Seiten aufgerufen wurden (Uhrzeit der Serveranfrage).<\/li>\r\n<\/ul>\r\n<p>Diese Daten k\u00f6nnen von uns nicht bestimmten Personen zugeordnet werden. Sie werden auch nicht mit anderen Datenquellen zusammengef\u00fchrt (Datenzusammenf\u00fchrung). Die Daten werden zudem nach einer statistischen Auswertung gel\u00f6scht.<\/p>\r\n<p><strong>Cookies<\/strong><\/p>\r\n<p>Auf diesen Seiten werden keine Cookies verwendet.<\/p>\r\n<p><strong>E-Mails<\/strong><\/p>\r\n<p>Daten, die Sie in einer E-Mail an uns senden, werden erfasst und gespeichert.<br \/>Das betrifft etwa Ihre Nachricht, Ihren Namen und Ihre E-Mail-Adresse. Diese Angaben geschehen freiwillig und werden in keiner Weise inhaltlich \u00fcberpr\u00fcft.<\/p>\r\n<p>Es wird lediglich gepr\u00fcft, ob es sich bei Ihrer E-Mail Adresse um eine echte E-Mail Adresse handelt und ob die Pflichtfelder des Formulars ausgef\u00fcllt sind.<\/p>\r\n<p><strong>Auskunftsrecht<\/strong><\/p>\r\n<p>Wir geben Ihnen gern Auskunft \u00fcber die bei uns gespeicherten pers\u00f6nlichen Daten, sofern uns das nach unserem Wissensstand m\u00f6glich ist.<\/p>\r\n<p>Wenn Sie weitere Fragen zum Datenschutz auf diesen Seiten haben, dann senden Sie uns einfach eine E-Mail \u00fcber das Kontaktformular.<\/p>\r\n<p><strong>Mitgliedschaft<\/strong><\/p>\r\n<p>Sofern Sie bei uns Mitglied werden, speichern wir Ihre Namens- und Adress-Daten f\u00fcr die Dauer und zur Verwaltung Ihrer Mitgliedschaft. Diese Daten geben wir nicht ohne Ihre Einwilligung an Dritte weiter, insbesondere nicht zu Werbezwecken.<\/p>\r\n<p>Davon ausgenommen k\u00f6nnen Ausk\u00fcnfte an entsprechend berechtigte staatliche Institutionen und Beh\u00f6rden im Rahmen einer gesetzlichen Auskunftspflicht sein.<\/p>\r\n","protected":false},"excerpt":{"rendered":"<p>Verantwortlich f\u00fcr den InhaltBerliner Gesellschaft f\u00fcr Soziale Psychiatrie (BGSP) in der DGSP e.V. Eingetragen im Vereinsregister des Amtsgerichts Charlottenburg Aktenzeichen VR 5295 BSitz: Berlinwww.bgsp-ev.deE-Mail: bgsp-ev@gmx.de Postanschrift Berliner Gesellschaft f\u00fcr Soziale Psychiatrie e.V.c\/o Holger K\u00fchneInnsbrucker Stra\u00dfe 210825 Berlin WebseiteKonzeption, grafische Gestaltung und Realisierung Ilja RuhlE-Mail: ilja-ruhl@web.de Redaktion Ilja RuhlE-Mail: ilja-ruhl@web.deHolger K\u00fchneE-Mail: holix.kuehne@t-online.de Haftung f\u00fcr Links auf\u2026 <span class=\"read-more\"><a href=\"https:\/\/bgsp-ev.de\/?page_id=15\">Weiterlesen &raquo;<\/a><\/span><\/p>\n","protected":false},"author":1,"featured_media":0,"parent":0,"menu_order":6,"comment_status":"closed","ping_status":"closed","template":"","meta":{"footnotes":""},"class_list":["post-15","page","type-page","status-publish","hentry"],"_links":{"self":[{"href":"https:\/\/bgsp-ev.de\/index.php?rest_route=\/wp\/v2\/pages\/15","targetHints":{"allow":["GET"]}}],"collection":[{"href":"https:\/\/bgsp-ev.de\/index.php?rest_route=\/wp\/v2\/pages"}],"about":[{"href":"https:\/\/bgsp-ev.de\/index.php?rest_route=\/wp\/v2\/types\/page"}],"author":[{"embeddable":true,"href":"https:\/\/bgsp-ev.de\/index.php?rest_route=\/wp\/v2\/users\/1"}],"replies":[{"embeddable":true,"href":"https:\/\/bgsp-ev.de\/index.php?rest_route=%2Fwp%2Fv2%2Fcomments&post=15"}],"version-history":[{"count":8,"href":"https:\/\/bgsp-ev.de\/index.php?rest_route=\/wp\/v2\/pages\/15\/revisions"}],"predecessor-version":[{"id":185,"href":"https:\/\/bgsp-ev.de\/index.php?rest_route=\/wp\/v2\/pages\/15\/revisions\/185"}],"wp:attachment":[{"href":"https:\/\/bgsp-ev.de\/index.php?rest_route=%2Fwp%2Fv2%2Fmedia&parent=15"}],"curies":[{"name":"wp","href":"https:\/\/api.w.org\/{rel}","templated":true}]}}