{"id":6,"date":"2019-09-14T00:07:39","date_gmt":"2019-09-14T00:07:39","guid":{"rendered":"http:\/\/bgsp-ev.de\/?page_id=6"},"modified":"2026-01-07T09:36:32","modified_gmt":"2026-01-07T09:36:32","slug":"texte-berichte","status":"publish","type":"page","link":"https:\/\/bgsp-ev.de\/?page_id=6","title":{"rendered":"Texte | Berichte"},"content":{"rendered":"<h4><span style=\"font-size: 14pt;\"><strong>&#8211; &gt; Die Rechenschafts- und Kassenberichte der BGSP finden Sie weiter unten auf dieser Seite.<\/strong><\/span><\/h4>\r\n<h4><span style=\"font-size: 14pt;\">Stellungnahmen | Positionspapiere | Brosch\u00fcren<\/span><\/h4>\r\n&#8211; <strong>Forderungen zur Situation des Ma\u00dfregelvollzugs in Berlin<\/strong> (November 2024) <a href=\"https:\/\/bgsp-ev.de\/wp-content\/uploads\/2025\/03\/Forderungen_KMV_November_2024_final.pdf\">Forderungen<\/a>\r\n\r\n&#8211; <strong>Informationen zur Rechtlichen Betreuung<\/strong> f\u00fcr Psychiatrie-Erfahrene und ihre Angeh\u00f6rigen (2. Auflage, 2023) <a href=\"https:\/\/bgsp-ev.de\/wp-content\/uploads\/2023\/11\/Betreuungsrecht_2023.pdf\">Brosch\u00fcre<\/a>\r\n\r\n&#8211; Stellungnahme zum Berliner Rahmenvertrag SGB IX: <strong>Integrierte Psychotherapeutische Leistungen<\/strong>\u00a0erhalten! (01.12.2020)\u00a0<a href=\"https:\/\/bgsp-ev.de\/wp-content\/uploads\/2020\/12\/BGSP-Stellungnahme-IPL-01-12-2020_final_neu.pdf\">Stellungnahme<\/a>\r\n\r\n&#8211; Positionspapier zur Umsetzung des <strong>Bundesteilhabegesetzes<\/strong> \u00a0BTHG (22.2019): <a href=\"https:\/\/bgsp-ev.de\/wp-content\/uploads\/2020\/10\/Positionspapier-BTHG-2019-01-22-.pdf\">Positionspapier<\/a>\r\n\r\n&#8211; Stellungnahme zum <strong>Wohnteilhabegesetz<\/strong> &#8211; WTG (12.3.2020): <a href=\"https:\/\/bgsp-ev.de\/wp-content\/uploads\/2020\/10\/Stellungnahme_WTG_BGSP_2020_03.pdf\">Stellungnahme<\/a>\r\n<h4><strong>\r\n<span style=\"font-size: 14pt;\">Der Eppendorfer \u2013 Zeitschrift f\u00fcr Psychiatrie\u00a0<\/span><\/strong><strong>\r\n<\/strong><strong>Allgemeine Informationen zum Eppendorfer erhalten Sie\u00a0<a href=\"http:\/\/www.eppendorfer.de\/\">hier<\/a><\/strong><\/h4>\r\n<a href=\"https:\/\/bgsp-ev.de\/wp-content\/uploads\/2025\/02\/Bericht-aus-Berlin-01.2025.pdf\">Bericht aus Berlin 01\/2025<\/a>\r\n<a href=\"https:\/\/bgsp-ev.de\/wp-content\/uploads\/2025\/02\/Bericht-aus-Berlin-06_2024.pdf\">Bericht aus Berlin 6\/2024<\/a>\r\n<a href=\"https:\/\/bgsp-ev.de\/wp-content\/uploads\/2025\/02\/Bericht-aus-Berlin-04_2024.pdf\">Bericht aus Berlin 4\/2024<\/a>\r\n<a href=\"https:\/\/bgsp-ev.de\/wp-content\/uploads\/2025\/02\/Bericht-aus-Berlin-03_2024.pdf\">Bericht aus Berlin 3\/2024<\/a>\r\n<a href=\"https:\/\/bgsp-ev.de\/wp-content\/uploads\/2025\/02\/Bericht-aus-Berlin-02_2024.pdf\">Bericht aus Berlin 2\/2024<\/a>\r\n<a href=\"https:\/\/bgsp-ev.de\/wp-content\/uploads\/2024\/04\/Bericht-aus-Berlin-01_2024.docx\">Bericht aus Berlin 1\/2024<\/a>\r\n<a href=\"https:\/\/bgsp-ev.de\/wp-content\/uploads\/2024\/04\/Bericht-aus-Berlin-07_2023.docx\">Bericht aus Berlin 7\/2023<\/a>\r\n<a href=\"https:\/\/bgsp-ev.de\/wp-content\/uploads\/2024\/04\/Bericht-aus-Berlin-06_2023.docx\">Bericht aus Berlin 6\/2023<\/a>\r\n<a href=\"https:\/\/bgsp-ev.de\/wp-content\/uploads\/2023\/11\/Eppendorfer-Bericht-aus-Berlin-05_2023.pdf\">Bericht aus Berlin 5\/2023<\/a>\r\n<a href=\"https:\/\/bgsp-ev.de\/wp-content\/uploads\/2023\/11\/Bericht-aus-Berlin-04_2023.pdf\">Bericht aus Berlin 4\/2023<\/a>\r\n<a href=\"https:\/\/bgsp-ev.de\/wp-content\/uploads\/2023\/11\/Eppendorfer-Bericht-aus-Berlin-03_2023.pdf\">Bericht aus Berlin 3\/2023<\/a>\r\n<a href=\"https:\/\/bgsp-ev.de\/wp-content\/uploads\/2023\/05\/Eppendorfer-Bericht-aus-Berlin-02_2023.pdf\">Bericht aus Berlin 02\/2023<\/a>\r\n<a href=\"https:\/\/bgsp-ev.de\/wp-content\/uploads\/2023\/05\/Eppendorfer-Bericht-aus-Berlin-01_2023.pdf\">Bericht aus Berlin 01\/2023<\/a>\r\n<a href=\"https:\/\/bgsp-ev.de\/wp-content\/uploads\/2022\/12\/Bericht-aus-Berlin-06_2022.pdf\">Bericht aus Berlin 06\/2022<\/a>\r\n<a href=\"https:\/\/bgsp-ev.de\/wp-content\/uploads\/2022\/09\/Bericht-aus-Berlin-05_2022.pdf\">Bericht aus Berlin 05\/2022<\/a>\r\n<a href=\"https:\/\/bgsp-ev.de\/wp-content\/uploads\/2022\/07\/Bericht-aus-Berlin-04_2022.pdf\">Bericht aus Berlin 04\/2022<\/a>\r\n<a href=\"https:\/\/bgsp-ev.de\/wp-content\/uploads\/2022\/07\/Bericht-aus-Berlin-03_2022.pdf\">Bericht aus Berlin 03\/2022<\/a>\r\n<a href=\"https:\/\/bgsp-ev.de\/wp-content\/uploads\/2022\/04\/Brief-aus-der-Hauptstadt-02_2022.pdf\">Bericht aus Berlin 02\/2022<\/a>\r\n<a href=\"https:\/\/bgsp-ev.de\/wp-content\/uploads\/2022\/01\/Bericht-aus-Berlin-01_2022.pdf\">Bericht aus Berlin 01\/2022<\/a><strong>\r\n<\/strong><a href=\"https:\/\/bgsp-ev.de\/wp-content\/uploads\/2021\/09\/Bericht-aus-Berlin-09_2021.pdf\">Bericht aus Berlin 09\/2021<\/a>\r\n<a href=\"https:\/\/bgsp-ev.de\/wp-content\/uploads\/2021\/07\/Bericht-aus-Berlin-07_2021.pdf\">Bericht aus Berlin 07\/2021<\/a>\r\n<a href=\"https:\/\/bgsp-ev.de\/wp-content\/uploads\/2021\/05\/Eppendorfer_2021_05.pdf\">Bericht aus Berlin 05\/2021<\/a>\r\n<a href=\"https:\/\/bgsp-ev.de\/wp-content\/uploads\/2021\/02\/Eppendorfer_2021_02.pdf\">Bericht aus Berlin 01\/2021<\/a>\r\n<a href=\"https:\/\/bgsp-ev.de\/wp-content\/uploads\/2020\/12\/Eppendorfer_2020_12.pdf\">Bericht aus Berlin 12\/2020<\/a>\r\n<a href=\"https:\/\/bgsp-ev.de\/wp-content\/uploads\/2020\/11\/Eppendorfer_2020_11.pdf\">Bericht aus Berlin 11\/2020<\/a>\r\n<a href=\"https:\/\/bgsp-ev.de\/wp-content\/uploads\/2020\/09\/Eppendorfer_2020_09.pdf\">Bericht aus Berlin 09\/2020<\/a>\r\n<a href=\"https:\/\/bgsp-ev.de\/wp-content\/uploads\/2020\/07\/Eppendorfer_2020_07.pdf\">Bericht aus Berlin 07\/2020<\/a>\r\n<a href=\"https:\/\/bgsp-ev.de\/wp-content\/uploads\/2020\/04\/Eppendorfer_2020_04.pdf\">Bericht aus Berlin 04\/2020<\/a>\r\n<a href=\"https:\/\/bgsp-ev.de\/wp-content\/uploads\/2020\/02\/Eppendorfer_2020_02.pdf\">Bericht aus Berlin 02\/2020<\/a>\r\n<a href=\"https:\/\/bgsp-ev.de\/wp-content\/uploads\/2019\/12\/Eppendorfer_2019_12.pdf\">Bericht aus Berlin 12\/2019<\/a>\r\n<a href=\"https:\/\/bgsp-ev.de\/wp-content\/uploads\/2019\/10\/Eppendorfer_2019_10.pdf\">Bericht aus Berlin 10\/2019<\/a>\r\n<a href=\"https:\/\/bgsp-ev.de\/wp-content\/uploads\/2019\/09\/Eppendorfer_2019_08-1.pdf\">Bericht aus Berlin 08\/2019<\/a>\r\n<a href=\"https:\/\/bgsp-ev.de\/wp-content\/uploads\/2019\/09\/Eppendorfer_2019_06-1.pdf\">Bericht aus Berlin 06\/2019<\/a>\r\n<a href=\"https:\/\/bgsp-ev.de\/wp-content\/uploads\/2019\/09\/Eppendorfer_2019_04.pdf\">Bericht aus Berlin 04\/2019<\/a>\r\n<a href=\"https:\/\/bgsp-ev.de\/wp-content\/uploads\/2019\/09\/Eppendorfer_2019_02.pdf\">Bericht aus Berlin 02\/2019<\/a>\r\n<a href=\"https:\/\/bgsp-ev.de\/wp-content\/uploads\/2019\/09\/Eppendorfer_2018_12.pdf\">Bericht aus Berlin 12\/2018<\/a>\r\n<a href=\"https:\/\/bgsp-ev.de\/wp-content\/uploads\/2019\/09\/Eppendorfer_2018_10.pdf\">Bericht aus Berlin 10\/2018<\/a>\r\n<a href=\"https:\/\/bgsp-ev.de\/wp-content\/uploads\/2019\/09\/Eppendorfer_2018_07.pdf\">Bericht aus Berlin 07\/2018<\/a>\r\n<a href=\"https:\/\/bgsp-ev.de\/wp-content\/uploads\/2019\/09\/Eppendorfer_2018_06.pdf\">Bericht aus Berlin 06\/2018<\/a>\r\n<h4><span style=\"font-size: 12pt;\"><strong>\r\n<span style=\"font-size: 14pt;\">Dokumentation zum Fachtag \u201eForensik in Italien und Deutschland \u2013 ein Vergleich: Braucht Berlin zus\u00e4tzlich zur Forensik geschlossene Heime?\u201c am 04. April 2019<\/span><\/strong><\/span>\r\n<span style=\"font-size: 12pt;\"><a href=\"https:\/\/bgsp-ev.de\/wp-content\/uploads\/2019\/09\/Forensik_2019.pdf\">Programm<\/a><\/span>\r\n<span style=\"font-size: 12pt;\"><a href=\"https:\/\/bgsp-ev.de\/wp-content\/uploads\/2019\/09\/Bericht_2019_2.pdf\">Bericht<\/a><\/span>\r\n<span style=\"font-size: 12pt;\"><a href=\"https:\/\/bgsp-ev.de\/wp-content\/uploads\/2019\/09\/Scarpa_2019.pdf\">Folien Dr. Scarpa<\/a><\/span><\/h4>\r\n<span style=\"font-size: 14pt;\">\r\n<strong>Diskussionspapiere zur Neuroleptikadebatte<\/strong><\/span>\r\n<h4><a href=\"https:\/\/bgsp-ev.de\/wp-content\/uploads\/2019\/09\/AderholdVersion0910.pdf\">\u201eNeuroleptika zwischen Nutzen und Schaden \u2013 Minimale Anwendung von Neuroleptika \u2013 ein Update\u201c<\/a>\r\n(Volkmar Aderhold, Version vom 11.9.2010)<\/h4>\r\n<h4><a href=\"https:\/\/bgsp-ev.de\/wp-content\/uploads\/2019\/09\/Aderholdmini6.2.pdf\">\u201eZur Notwendigkeit und M\u00f6glichkeit minimaler Anwendung von Neuroleptika\u201c\u00a0<\/a>\r\n(Volkmar Aderhold, Version vom 18.10.2008)<\/h4>\r\n<h4><span class=\"fliesstext\" style=\"font-size: 14pt;\"><strong>\r\nBerichte des Vorstandes<\/strong><\/span><\/h4>\r\n<table style=\"width: 71.5204330419153%; height: 954px;\" border=\"0\" cellspacing=\"2\" cellpadding=\"0\">\r\n<tbody>\r\n<tr>\r\n<td style=\"width: 5.0813%;\"><\/td>\r\n<td style=\"width: 138.360713%;\"><a href=\"https:\/\/bgsp-ev.de\/wp-content\/uploads\/2026\/01\/Rechenschaftsbericht-BGSP-2025.pdf\"><span class=\"navi1\">Rechenschaftsbericht des Vorstands f\u00fcr das Jahr 2025<\/span><\/a><\/td>\r\n<\/tr>\r\n<tr>\r\n<td style=\"width: 5.0813%;\"><\/td>\r\n<td style=\"width: 138.360713%;\"><a href=\"https:\/\/bgsp-ev.de\/wp-content\/uploads\/2025\/03\/BGSP-Rechenschaftsbericht-2024_final.pdf\"><span class=\"navi1\">Rechenschaftsbericht des Vorstands f\u00fcr das Jahr 2024<\/span><\/a><\/td>\r\n<\/tr>\r\n<tr>\r\n<td style=\"width: 5.0813%;\"><\/td>\r\n<td style=\"width: 138.360713%;\"><span class=\"navi1\">\u00a0<a href=\"https:\/\/bgsp-ev.de\/wp-content\/uploads\/2024\/05\/BGSP-Rechenschaftsbericht-2023.pdf\">Rechenschaftsbericht des Vorstands f\u00fcr das Jahr 2023<\/a><\/span><\/td>\r\n<\/tr>\r\n<tr>\r\n<td style=\"width: 5.0813%;\"><\/td>\r\n<td style=\"width: 138.360713%;\"><a href=\"https:\/\/bgsp-ev.de\/wp-content\/uploads\/2023\/10\/BGSP_Rechenschaftsbericht_2022.pdf\"><span class=\"navi1\">Rechenschaftsbericht des Vorstands f\u00fcr das Jahr 2022<\/span><\/a><\/td>\r\n<\/tr>\r\n<tr>\r\n<td style=\"width: 5.0813%;\"><\/td>\r\n<td style=\"width: 138.3607131159032%;\"><span class=\"navi1\"><a href=\"https:\/\/bgsp-ev.de\/wp-content\/uploads\/2021\/10\/BGSP-Rechenschaftsbericht-2020-2021_END_25.10.2021-Kopie-1.pdf\">Rechenschaftsbericht des Vorstands f\u00fcr die Jahre 2020 und 2021<\/a><\/span><\/td>\r\n<\/tr>\r\n<tr style=\"height: 48px;\">\r\n<td style=\"width: 5.0813%; height: 10px;\"><\/td>\r\n<td style=\"width: 138.3607131159032%; height: 10px;\"><a href=\"https:\/\/bgsp-ev.de\/wp-content\/uploads\/2020\/10\/BGSP-Rechenschaftsbericht-2019-2020.pdf\"><span class=\"navi1\">Rechenschaftsbericht des Vorstands f\u00fcr die Jahre 2019 und 2020<\/span><\/a><\/td>\r\n<\/tr>\r\n<tr style=\"height: 24px;\">\r\n<td style=\"width: 5.0813%; height: 10px;\"><\/td>\r\n<td style=\"width: 138.3607131159032%; height: 10px;\"><a class=\"navi1\" href=\"https:\/\/bgsp-ev.de\/wp-content\/uploads\/2019\/09\/Rechenschaft16-18.pdf\"><span class=\"navi1\">Rechenschaftsbericht des Vorstandes f\u00fcr die Jahre\u00a02016 bis 2018<\/span><\/a><\/td>\r\n<\/tr>\r\n<tr style=\"height: 24px;\">\r\n<td style=\"width: 5.0813%; height: 10px;\"><\/td>\r\n<td style=\"width: 138.3607131159032%; height: 10px;\"><a class=\"navi1\" href=\"https:\/\/bgsp-ev.de\/wp-content\/uploads\/2019\/09\/Rechenschaft13-15.pdf\"><span class=\"navi1\">Rechenschaftsbericht des Vorstandes f\u00fcr die Jahre\u00a02013 bis 2015<\/span><\/a><\/td>\r\n<\/tr>\r\n<tr style=\"height: 24px;\">\r\n<td style=\"width: 5.0813%; height: 10px;\"><\/td>\r\n<td style=\"width: 138.3607131159032%; height: 10px;\"><a class=\"navi1\" href=\"https:\/\/bgsp-ev.de\/wp-content\/uploads\/2019\/09\/Rechenschaft10-12.pdf\"><span class=\"navi1\">Rechenschaftsbericht des Vorstandes f\u00fcr die Jahre\u00a02010 bis 2012<\/span><\/a><\/td>\r\n<\/tr>\r\n<tr style=\"height: 48px;\">\r\n<td style=\"width: 5.0813%; height: 10px;\"><\/td>\r\n<td style=\"height: 10px; width: 138.3607131159032%;\"><a class=\"navi1\" href=\"https:\/\/bgsp-ev.de\/wp-content\/uploads\/2019\/09\/Rechenschaft-06-09.pdf\"><span class=\"navi1\">Rechenschaftsbericht des Vorstandes f\u00fcr die Jahre\u00a02006 bis 2009<\/span><\/a><\/td>\r\n<\/tr>\r\n<tr style=\"height: 48px;\">\r\n<td style=\"width: 5.0813%; height: 10px;\"><\/td>\r\n<td style=\"width: 138.3607131159032%; height: 10px;\"><a class=\"navi1\" href=\"https:\/\/bgsp-ev.de\/wp-content\/uploads\/2019\/09\/Rechenschaft-04-06.pdf\"><span class=\"navi1\">Rechenschaftsbericht des Vorstandes f\u00fcr die Jahre\u00a02004 bis 2006<\/span><\/a><\/td>\r\n<\/tr>\r\n<tr style=\"height: 48px;\">\r\n<td style=\"width: 5.0813%; height: 10px;\"><\/td>\r\n<td style=\"height: 10px; width: 138.3607131159032%;\"><a class=\"navi1\" href=\"https:\/\/bgsp-ev.de\/wp-content\/uploads\/2019\/09\/Rechenschaftsbericht0204.pdf\"><span class=\"navi1\"> Rechenschaftsbericht des Vorstandes f\u00fcr die Jahre\u00a02002 bis 2004<\/span><\/a><\/td>\r\n<\/tr>\r\n<tr style=\"height: 24px;\">\r\n<td style=\"height: 10px; width: 5.0813%;\" width=\"23\" height=\"20\"><\/td>\r\n<td style=\"height: 10px; width: 138.3607131159032%;\">\r\n<div align=\"left\"><a class=\"navi1\" href=\"https:\/\/bgsp-ev.de\/wp-content\/uploads\/2019\/09\/Rechenschaftsbericht9801.pdf\"><span class=\"navi1\"> Rechenschaftsbericht des Vorstandes f\u00fcr die Jahre 1998 bis 2001<\/span><\/a><\/div><\/td>\r\n<\/tr>\r\n<tr>\r\n<td style=\"width: 5.0813%;\"><\/td>\r\n<td style=\"width: 138.3607131159032%;\"><strong><span class=\"navi1\">\u00a0<\/span><\/strong><\/td>\r\n<\/tr>\r\n<tr>\r\n<td style=\"width: 5.0813%;\"><\/td>\r\n<td style=\"width: 138.360713%;\"><strong><span class=\"navi1\">\u00a0<\/span><\/strong><\/td>\r\n<\/tr>\r\n<tr>\r\n<td style=\"width: 5.0813%;\"><\/td>\r\n<td style=\"width: 138.360713%;\"><a href=\"https:\/\/bgsp-ev.de\/wp-content\/uploads\/2025\/03\/Kassenbericht-2024-Word_final.pdf\"><strong><span class=\"navi1\">Kassenbericht f\u00fcr das Jahr 2024<\/span><\/strong><\/a><\/td>\r\n<\/tr>\r\n<tr>\r\n<td style=\"width: 5.0813%;\"><\/td>\r\n<td style=\"width: 138.360713%;\"><strong><span class=\"navi1\">\u00a0<a href=\"https:\/\/bgsp-ev.de\/wp-content\/uploads\/2024\/05\/Kassenbericht-2023.pdf\">Kassenbericht f\u00fcr das Jahr 2023<\/a><\/span><\/strong><\/td>\r\n<\/tr>\r\n<tr style=\"height: 24px;\">\r\n<td style=\"width: 5.0813%; height: 24px;\"><\/td>\r\n<td style=\"width: 138.3607131159032%; height: 24px;\"><strong><span class=\"navi1\">\u00a0<a href=\"https:\/\/bgsp-ev.de\/wp-content\/uploads\/2023\/03\/Kassenbericht-2022.pdf\">Kassenbericht f\u00fcr das Jahr 2022<\/a><\/span><\/strong><\/td>\r\n<\/tr>\r\n<tr style=\"height: 24px;\">\r\n<td style=\"width: 5.0813%; height: 24px;\"><\/td>\r\n<td style=\"width: 138.3607131159032%; height: 24px;\"><strong><span class=\"navi1\"><a href=\"https:\/\/bgsp-ev.de\/wp-content\/uploads\/2022\/01\/Kassenbericht-2021.pdf\">Kassenbericht f\u00fcr das Jahr 2021<\/a><\/span><\/strong><\/td>\r\n<\/tr>\r\n<tr style=\"height: 24px;\">\r\n<td style=\"width: 5.0813%; height: 24px;\"><\/td>\r\n<td style=\"width: 138.3607131159032%; height: 24px;\"><a href=\"https:\/\/bgsp-ev.de\/wp-content\/uploads\/2021\/10\/Kassenbericht-2020-Word_final.pdf\"><strong><span class=\"navi1\">Kassenbericht f\u00fcr das Jahr 2020<\/span><\/strong><\/a><\/td>\r\n<\/tr>\r\n<tr style=\"height: 24px;\">\r\n<td style=\"width: 5.0813%; height: 24px;\"><\/td>\r\n<td style=\"width: 138.3607131159032%; height: 24px;\"><a href=\"https:\/\/bgsp-ev.de\/wp-content\/uploads\/2020\/03\/Kassenbericht-2019_1.pdf\"><span class=\"navi1\">Kassenbericht f\u00fcr das Jahr 2019<\/span><\/a><\/td>\r\n<\/tr>\r\n<tr style=\"height: 24px;\">\r\n<td style=\"height: 24px; width: 5.0813%;\"><\/td>\r\n<td style=\"height: 24px; width: 138.3607131159032%;\"><span class=\"navi1\"><a class=\"navi1\" href=\"https:\/\/bgsp-ev.de\/wp-content\/uploads\/2019\/09\/Kassenbericht2018.pdf\">Kassenbericht f\u00fcr das Jahr 2018<\/a><\/span><\/td>\r\n<\/tr>\r\n<tr style=\"height: 24px;\">\r\n<td style=\"height: 24px; width: 5.0813%;\"><\/td>\r\n<td style=\"height: 24px; width: 138.3607131159032%;\"><span class=\"navi1\"><a class=\"navi1\" href=\"https:\/\/bgsp-ev.de\/wp-content\/uploads\/2019\/09\/Kassenbericht2017_1.pdf\">Kassenbericht f\u00fcr das Jahr 2017<\/a><\/span><\/td>\r\n<\/tr>\r\n<tr style=\"height: 24px;\">\r\n<td style=\"height: 24px; width: 5.0813%;\"><\/td>\r\n<td style=\"height: 24px; width: 138.3607131159032%;\"><span class=\"navi1\"><a class=\"navi1\" href=\"https:\/\/bgsp-ev.de\/wp-content\/uploads\/2019\/09\/Kassenbericht2016.pdf\">Kassenbericht f\u00fcr das Jahr 2016<\/a><\/span><\/td>\r\n<\/tr>\r\n<tr style=\"height: 24px;\">\r\n<td style=\"height: 24px; width: 5.0813%;\"><\/td>\r\n<td style=\"height: 24px; width: 138.3607131159032%;\"><span class=\"navi1\"><a class=\"navi1\" href=\"https:\/\/bgsp-ev.de\/wp-content\/uploads\/2019\/09\/Kassenbericht2015_1.pdf\">Kassenbericht f\u00fcr das Jahr 2015<\/a><\/span><\/td>\r\n<\/tr>\r\n<tr style=\"height: 24px;\">\r\n<td style=\"height: 24px; width: 5.0813%;\"><\/td>\r\n<td style=\"height: 24px; width: 138.3607131159032%;\"><a href=\"https:\/\/bgsp-ev.de\/wp-content\/uploads\/2019\/09\/Kassenbericht2014.pdf\"><span class=\"navi1\">Kassenbericht f\u00fcr das Jahr 2014<\/span><\/a><\/td>\r\n<\/tr>\r\n<tr style=\"height: 24px;\">\r\n<td style=\"height: 24px; width: 5.0813%;\"><\/td>\r\n<td style=\"height: 24px; width: 138.3607131159032%;\"><a class=\"navi1\" href=\"https:\/\/bgsp-ev.de\/wp-content\/uploads\/2019\/09\/Kassenbericht2013.pdf\">Kassenbericht f\u00fcr das Jahr 2013<\/a><\/td>\r\n<\/tr>\r\n<tr style=\"height: 24px;\">\r\n<td style=\"height: 24px; width: 5.0813%;\"><\/td>\r\n<td style=\"height: 24px; width: 138.3607131159032%;\"><a class=\"navi1\" href=\"https:\/\/bgsp-ev.de\/wp-content\/uploads\/2019\/09\/Kassenbericht2012.pdf\">Kassenbericht f\u00fcr das Jahr 2012<\/a><\/td>\r\n<\/tr>\r\n<tr style=\"height: 24px;\">\r\n<td style=\"height: 24px; width: 5.0813%;\"><\/td>\r\n<td style=\"height: 24px; width: 138.3607131159032%;\"><a class=\"navi1\" href=\"https:\/\/bgsp-ev.de\/wp-content\/uploads\/2019\/09\/Kassenbericht-2011.pdf\">Kassenbericht f\u00fcr das Jahr 2011<\/a><\/td>\r\n<\/tr>\r\n<tr style=\"height: 24px;\">\r\n<td style=\"height: 24px; width: 5.0813%;\"><\/td>\r\n<td style=\"height: 24px; width: 138.3607131159032%;\"><a class=\"navi1\" href=\"https:\/\/bgsp-ev.de\/wp-content\/uploads\/2019\/09\/Kassenbericht-2010.pdf\">Kassenbericht f\u00fcr das Jahr 2010<\/a><\/td>\r\n<\/tr>\r\n<tr style=\"height: 24px;\">\r\n<td style=\"height: 24px; width: 5.0813%;\"><\/td>\r\n<td style=\"height: 24px; width: 138.3607131159032%;\"><a class=\"navi1\" href=\"https:\/\/bgsp-ev.de\/wp-content\/uploads\/2019\/09\/Kassenbericht-2009.pdf\">Kassenbericht f\u00fcr das Jahr 2009<\/a><\/td>\r\n<\/tr>\r\n<tr style=\"height: 24px;\">\r\n<td style=\"height: 24px; width: 5.0813%;\"><\/td>\r\n<td style=\"height: 24px; width: 138.3607131159032%;\"><a class=\"navi1\" href=\"https:\/\/bgsp-ev.de\/wp-content\/uploads\/2019\/09\/Kassenbericht-2008.pdf\">Kassenbericht f\u00fcr das Jahr 2008<\/a><\/td>\r\n<\/tr>\r\n<tr style=\"height: 24px;\">\r\n<td style=\"height: 24px; width: 5.0813%;\"><\/td>\r\n<td style=\"height: 24px; width: 138.3607131159032%;\"><a class=\"navi1\" href=\"https:\/\/bgsp-ev.de\/wp-content\/uploads\/2019\/09\/Kassenbericht-2007.pdf\">Kassenbericht f\u00fcr das Jahr 2007<\/a><\/td>\r\n<\/tr>\r\n<tr style=\"height: 24px;\">\r\n<td style=\"height: 24px; width: 5.0813%;\"><\/td>\r\n<td style=\"height: 24px; width: 138.3607131159032%;\"><a class=\"navi1\" href=\"https:\/\/bgsp-ev.de\/wp-content\/uploads\/2019\/09\/Kassenbericht2006.pdf\">Kassenbericht f\u00fcr das Jahr 2006<\/a><\/td>\r\n<\/tr>\r\n<tr style=\"height: 24px;\">\r\n<td style=\"height: 24px; width: 5.0813%;\"><\/td>\r\n<td style=\"height: 24px; width: 138.3607131159032%;\"><a class=\"navi1\" href=\"https:\/\/bgsp-ev.de\/wp-content\/uploads\/2019\/09\/Kassenbericht2005.pdf\"><span class=\"navi1\"> Kassenbericht f\u00fcr das Jahr 2005<\/span><\/a><\/td>\r\n<\/tr>\r\n<tr style=\"height: 24px;\">\r\n<td style=\"height: 24px; width: 5.0813%;\" height=\"19\"><\/td>\r\n<td style=\"height: 24px; width: 138.3607131159032%;\">\r\n<div align=\"left\"><a class=\"navi1\" href=\"https:\/\/bgsp-ev.de\/wp-content\/uploads\/2019\/09\/Kassenbericht2004.pdf\"><span class=\"navi1\"> Kassenbericht f\u00fcr das Jahr 2004<\/span><\/a><\/div><\/td>\r\n<\/tr>\r\n<tr style=\"height: 24px;\">\r\n<td style=\"height: 24px; width: 5.0813%;\" height=\"20\"><\/td>\r\n<td style=\"height: 24px; width: 138.3607131159032%;\">\r\n<div align=\"left\"><a class=\"navi1\" href=\"https:\/\/bgsp-ev.de\/wp-content\/uploads\/2019\/09Kassenbericht2003.pdf\"><span class=\"navi1\"> Kassenbericht f\u00fcr das Jahr 2003<\/span><\/a><\/div><\/td>\r\n<\/tr>\r\n<tr style=\"height: 24px;\">\r\n<td style=\"height: 24px; width: 5.0813%;\" height=\"20\"><\/td>\r\n<td style=\"height: 24px; width: 138.3607131159032%;\">\r\n<div align=\"left\"><a class=\"navi1\" href=\"https:\/\/bgsp-ev.de\/wp-content\/uploads\/2019\/09\/Kassenbericht2002.pdf\"><span class=\"navi1\"> Kassenbericht f\u00fcr das Jahr 2002<\/span><\/a><\/div><\/td>\r\n<\/tr>\r\n<tr style=\"height: 24px;\">\r\n<td style=\"height: 24px; width: 5.0813%;\" height=\"20\"><\/td>\r\n<td style=\"height: 24px; width: 138.3607131159032%;\">\r\n<div align=\"left\"><a href=\"https:\/\/bgsp-ev.de\/wp-content\/uploads\/2019\/09\/Kassenbericht2001.pdf\">Kassenbericht f\u00fcr das Jahr 2001<\/a><\/div><\/td>\r\n<\/tr>\r\n<tr style=\"height: 24px;\">\r\n<td style=\"height: 24px; width: 5.0813%;\" height=\"20\"><\/td>\r\n<td style=\"height: 24px; width: 138.3607131159032%;\">\r\n<div align=\"left\"><a class=\"navi1\" href=\"https:\/\/bgsp-ev.de\/wp-content\/uploads\/2019\/09\/Kassenbericht2000.pdf\"> Kassenbericht f\u00fcr das Jahr 2000<\/a><\/div><\/td>\r\n<\/tr>\r\n<tr style=\"height: 24px;\">\r\n<td style=\"height: 24px; width: 5.0813%;\" height=\"20\"><\/td>\r\n<td style=\"height: 24px; width: 138.3607131159032%;\">\r\n<div align=\"left\"><a class=\"navi1\" href=\"https:\/\/bgsp-ev.de\/wp-content\/uploads\/2019\/09\/Kassenbericht1999.pdf\"> Kassenbericht f\u00fcr das Jahr 1999<\/a><\/div><\/td>\r\n<\/tr>\r\n<tr style=\"height: 24px;\">\r\n<td style=\"height: 24px; width: 5.0813%;\" height=\"20\"><\/td>\r\n<td style=\"height: 24px; width: 138.3607131159032%;\">\r\n<div align=\"left\"><a class=\"navi1\" href=\"file:\/\/\/C:\/Meine%20Webseiten\/BGSP%20bisherige%20Homepage\/www.bgsp-ev.de\/pdfs\/Kassenbericht1998.pdf\"> Kassenbericht f\u00fcr das Jahr 1998<\/a><\/div><\/td>\r\n<\/tr>\r\n<tr style=\"height: 24px;\">\r\n<td style=\"height: 24px; width: 5.0813%;\" height=\"20\"><\/td>\r\n<td style=\"height: 24px; width: 138.3607131159032%;\">\r\n<div align=\"left\"><a class=\"navi1\" href=\"https:\/\/bgsp-ev.de\/wp-content\/uploads\/2019\/09\/EinAus-2008.pdf\">\u00dcbersicht 1: Einnahmen und Ausgaben 1984 &#8211; 2008<\/a><\/div><\/td>\r\n<\/tr>\r\n<tr style=\"height: 24px;\">\r\n<td style=\"height: 24px; width: 5.0813%;\" height=\"20\"><\/td>\r\n<td style=\"height: 24px; width: 138.3607131159032%;\">\r\n<div align=\"left\"><a class=\"navi1\" href=\"https:\/\/bgsp-ev.de\/wp-content\/uploads\/2019\/09\/Beitraege2008.pdf\">\u00dcbersicht 2: Gewinn &#8211; Verlust 1984 &#8211; 2008<\/a><\/div><\/td>\r\n<\/tr>\r\n<\/tbody>\r\n<\/table>\r\n<!-- \/wp:post-content -->","protected":false},"excerpt":{"rendered":"<p>&#8211; &gt; Die Rechenschafts- und Kassenberichte der BGSP finden Sie weiter unten auf dieser Seite. Stellungnahmen | Positionspapiere | Brosch\u00fcren &#8211; Forderungen zur Situation des Ma\u00dfregelvollzugs in Berlin (November 2024) Forderungen &#8211; Informationen zur Rechtlichen Betreuung f\u00fcr Psychiatrie-Erfahrene und ihre Angeh\u00f6rigen (2. Auflage, 2023) Brosch\u00fcre &#8211; Stellungnahme zum Berliner Rahmenvertrag SGB IX: Integrierte Psychotherapeutische Leistungen\u00a0erhalten!\u2026 <span class=\"read-more\"><a href=\"https:\/\/bgsp-ev.de\/?page_id=6\">Weiterlesen &raquo;<\/a><\/span><\/p>\n","protected":false},"author":1,"featured_media":0,"parent":0,"menu_order":2,"comment_status":"closed","ping_status":"closed","template":"","meta":{"footnotes":""},"class_list":["post-6","page","type-page","status-publish","hentry"],"_links":{"self":[{"href":"https:\/\/bgsp-ev.de\/index.php?rest_route=\/wp\/v2\/pages\/6","targetHints":{"allow":["GET"]}}],"collection":[{"href":"https:\/\/bgsp-ev.de\/index.php?rest_route=\/wp\/v2\/pages"}],"about":[{"href":"https:\/\/bgsp-ev.de\/index.php?rest_route=\/wp\/v2\/types\/page"}],"author":[{"embeddable":true,"href":"https:\/\/bgsp-ev.de\/index.php?rest_route=\/wp\/v2\/users\/1"}],"replies":[{"embeddable":true,"href":"https:\/\/bgsp-ev.de\/index.php?rest_route=%2Fwp%2Fv2%2Fcomments&post=6"}],"version-history":[{"count":126,"href":"https:\/\/bgsp-ev.de\/index.php?rest_route=\/wp\/v2\/pages\/6\/revisions"}],"predecessor-version":[{"id":992,"href":"https:\/\/bgsp-ev.de\/index.php?rest_route=\/wp\/v2\/pages\/6\/revisions\/992"}],"wp:attachment":[{"href":"https:\/\/bgsp-ev.de\/index.php?rest_route=%2Fwp%2Fv2%2Fmedia&parent=6"}],"curies":[{"name":"wp","href":"https:\/\/api.w.org\/{rel}","templated":true}]}}