{"id":8,"date":"2019-09-14T08:50:27","date_gmt":"2019-09-14T08:50:27","guid":{"rendered":"http:\/\/bgsp-ev.de\/?page_id=8"},"modified":"2026-01-05T10:32:15","modified_gmt":"2026-01-05T10:32:15","slug":"berliner-archiv-fuer-sozialpsychiatrie","status":"publish","type":"page","link":"https:\/\/bgsp-ev.de\/?page_id=8","title":{"rendered":"Berliner Archiv f\u00fcr Sozialpsychiatrie"},"content":{"rendered":"\r\n<p><img loading=\"lazy\" decoding=\"async\" class=\"wp-image-19 size-medium aligncenter\" src=\"https:\/\/bgsp-ev.de\/wp-content\/uploads\/2019\/09\/BAS-Logo-2019-300x228.jpg\" alt=\"\" width=\"300\" height=\"228\" srcset=\"https:\/\/bgsp-ev.de\/wp-content\/uploads\/2019\/09\/BAS-Logo-2019-300x228.jpg 300w, https:\/\/bgsp-ev.de\/wp-content\/uploads\/2019\/09\/BAS-Logo-2019-768x584.jpg 768w, https:\/\/bgsp-ev.de\/wp-content\/uploads\/2019\/09\/BAS-Logo-2019-660x502.jpg 660w, https:\/\/bgsp-ev.de\/wp-content\/uploads\/2019\/09\/BAS-Logo-2019.jpg 992w\" sizes=\"auto, (max-width: 300px) 100vw, 300px\" \/><\/p>\r\n<p>&nbsp;<\/p>\r\n<p><strong>Das Sozialpsychiatrische Archiv befindet sich weiter im Aufbau. Wir wachsen st\u00e4ndig und freuen uns \u00fcber Ihr Interesse.<br \/><\/strong>Einen Flyer \u00fcber das BAS k\u00f6nnen Sie sich hier herunterladen: <a href=\"https:\/\/bgsp-ev.de\/wp-content\/uploads\/2021\/08\/BAS_Flyer_2021.pdf\">Flyer BAS<\/a><br \/><strong><span style=\"color: #993300;\">Bisher wurden \u00fcber 20.000 Titel archiviert. (Stand Dezember 2025)<\/span><\/strong><br \/>Wir stellen Ihnen hier eine Liste als pdf-Datei mit den bisher im Archiv aufgenommen Publikationen zur Verf\u00fcgung. Diese wird fortlaufend erweitert. Sie k\u00f6nnen sich die Liste ansehen oder herunterladen und innerhalb der Datei nach Namen, Titeln, Schlagw\u00f6rtern usw. suchen.<\/p>\r\n<p><a href=\"https:\/\/bgsp-ev.de\/wp-content\/uploads\/2025\/12\/BAS_2025-12-21.pdf\">Archiv-Datei<\/a><\/p>\r\n<p><strong>Jahresbriefe<br \/><\/strong><a href=\"https:\/\/bgsp-ev.de\/wp-content\/uploads\/2026\/01\/Archiv-Jahresbrief-2025_final_klein.pdf\">Jahresbrief 2025<\/a><strong><br \/><\/strong><a href=\"https:\/\/bgsp-ev.de\/wp-content\/uploads\/2025\/05\/Archiv-Jahresbrief-2024_final_klein-Kopie-1.pdf\">Jahresbrief 2024<\/a><strong><br \/><\/strong><a href=\"https:\/\/bgsp-ev.de\/wp-content\/uploads\/2024\/03\/Archiv-Jahresbrief-2023_final_klein.pdf\">Jahresbrief 2023<\/a><strong><br \/><\/strong><a href=\"https:\/\/bgsp-ev.de\/wp-content\/uploads\/2022\/12\/Archiv-Jahresbrief-2022-1.pdf\">Jahresbrief 2022<\/a><strong><br \/><\/strong><a href=\"https:\/\/bgsp-ev.de\/wp-content\/uploads\/2021\/12\/Archiv-Jahresbrief-2021_klein.pdf\">Jahresbrief 2021<\/a><strong><br \/><\/strong><a href=\"https:\/\/bgsp-ev.de\/wp-content\/uploads\/2021\/12\/Archiv-Jahresbrief-2020.pdf\">Jahresbrief 2020<\/a><strong><br \/><br \/>Berliner Archiv f\u00fcr Sozialpsychiatrie (BAS)<br \/><\/strong>Seit August 2018 befindet sich das \u201eBerliner Archiv f\u00fcr Sozialpsychiatrie\u201c (BAS) in der Dominicusstra\u00dfe 5-9, dem zuk\u00fcnftigen \u201eCentre Philippe Pinel\u201c (hinter dem Pinellodrom).<\/p>\r\n<p>Ziel des Archivs ist es, wichtige Literatur, Dokumente und Medien insbesondere \u00fcber die Entwicklung der Sozial- und Gemeindepsychiatrie in Deutschland zu archivieren und so f\u00fcr die Nachwelt erhalten zu k\u00f6nnen.<\/p>\r\n<p>Aus diesem Grund sammeln wir vor allem:<\/p>\r\n<ul>\r\n<li>B\u00fccher und (Fach-)Zeitschriften, die f\u00fcr die Entwicklung der Sozial- und Gemeindepsychiatrie von Bedeutung sind. Hier kommen auch weitere Fachgebiete, wie Psychologie, Sozialarbeit, Krankenpflege, Soziologie, Philosophie etc. in Frage.<\/li>\r\n<li>Brosch\u00fcren, Tagungsberichte und andere \u201egraue\u201c Literatur, die f\u00fcr die Sozial- und Gemeindepsychiatrie Bedeutung haben.<\/li>\r\n<li>Flugbl\u00e4tter, Stellungnahmen, Positionspapiere und Konzepte, die zum Beispiel von der DGSP, ihren Landesverb\u00e4nden, Fachaussch\u00fcssen und sonstigen Gremien sowie anderen Organisationen erarbeitet worden und von Interesse sind.<\/li>\r\n<li>Weitere Medien wie z.B. Filme, Videos (DVD), Bilder und anderes, die die Sozial- und Gemeindepsychiatrie erlebbar machen.<\/li>\r\n<\/ul>\r\n<p>Wir bereiten diese Medien zurzeit auf, katalogisieren sie und werden sie in einer Datenbank zur Recherche ver\u00f6ffentlichen. Aktuell ist bereits die jeweils aktuelle Version als pdf-Datei (in Form einer Excel-Tabelle) abrufbar (siehe oben auf dieser Seite: &#8222;Archiv-Datei&#8220;).\u00a0<\/p>\r\n<p>Bis auf weiteres stehen die Medien im Rahmen einer \u201ePr\u00e4senzbibliothek\u201c zur Verf\u00fcgung. <br \/><strong>Bitte kontaktieren Sie uns bei Bedarf.<\/strong><\/p>\r\n<p>Falls Sie Ihr pers\u00f6nliches Archiv oder Ihre Bibliothek aufl\u00f6sen beziehungsweise verkleinern wollen und uns Ihre Medien \u00fcberlassen m\u00f6chten, beachten Sie bitte folgendes:<\/p>\r\n<ul>\r\n<li>Bitte schicken Sie uns nicht einfach Dinge zu, sondern kontaktieren Sie uns vorher.<\/li>\r\n<li>Wir stellen keine Bescheinigungen \u00fcber Sachspenden aus.<\/li>\r\n<li>Mit der \u00dcberlassung gehen die Medien in das Eigentum der BGSP \u00fcber, die sich \u2013 ggf. nach Absprache \u2013 die weitere Verwendung vorbeh\u00e4lt.<\/li>\r\n<\/ul>\r\n<p>Wenn Sie Ihr Material in guten H\u00e4nden sehen m\u00f6chten sprechen Sie uns bitte an:<\/p>\r\n<p><strong>Berliner Archiv f\u00fcr Sozialpsychiatrie (BAS)<br \/><\/strong>Dominicusstra\u00dfe 7<br \/>10823 Berlin<\/p>\r\n<p><strong>Ilse Eichenbrenner:<br \/><\/strong>Mail: <a href=\"mailto:ilseeichen@gmail.com\">ilseeichen@gmail.com<\/a><\/p>\r\n<p><strong>Christian Reumsch\u00fcssel-Wienert:<br \/><\/strong>Mail: <a href=\"mailto:ChristianR.Wienert@t-online.de\">ChristianR.Wienert@t-online.de<\/a><br \/>Mobil: 0151 68 44 90 75<strong><br \/><\/strong><\/p>\r\n<p><strong>Holger K\u00fchne<\/strong><br \/>Mail: <a href=\"mailto:holix.kuehne@t-online.de\">holix.kuehne@t-online.de<\/a><br \/>Mobil: 0160 516 34 24<\/p>\r\n<p>&nbsp;<\/p>\r\n<p><a href=\"https:\/\/www.bgsp-ev.de\">www.bgsp-ev.de<\/a><br \/><br \/><strong>Unterst\u00fctzung<\/strong><br \/>Das Berliner Archiv f\u00fcr Sozialpsychiatrie wird finanziell unterst\u00fctzt von der Lottostiftung Berlin und dem Parit\u00e4tischen Wohlfahrtsverband LV Berlin.<\/p>\r\n<p><img decoding=\"async\" src=\"https:\/\/bgsp-ev.de\/wp-content\/uploads\/2020\/04\/Logo_dpw_klein.jpg\" alt=\"\" \/><br \/><br \/><img decoding=\"async\" src=\"https:\/\/bgsp-ev.de\/wp-content\/uploads\/2020\/04\/Lotto_logo.jpg\" alt=\"\" \/><\/p>\r\n","protected":false},"excerpt":{"rendered":"<p>&nbsp; Das Sozialpsychiatrische Archiv befindet sich weiter im Aufbau. Wir wachsen st\u00e4ndig und freuen uns \u00fcber Ihr Interesse.Einen Flyer \u00fcber das BAS k\u00f6nnen Sie sich hier herunterladen: Flyer BASBisher wurden \u00fcber 20.000 Titel archiviert. (Stand Dezember 2025)Wir stellen Ihnen hier eine Liste als pdf-Datei mit den bisher im Archiv aufgenommen Publikationen zur Verf\u00fcgung. Diese wird\u2026 <span class=\"read-more\"><a href=\"https:\/\/bgsp-ev.de\/?page_id=8\">Weiterlesen &raquo;<\/a><\/span><\/p>\n","protected":false},"author":1,"featured_media":0,"parent":0,"menu_order":3,"comment_status":"closed","ping_status":"closed","template":"","meta":{"footnotes":""},"class_list":["post-8","page","type-page","status-publish","hentry"],"_links":{"self":[{"href":"https:\/\/bgsp-ev.de\/index.php?rest_route=\/wp\/v2\/pages\/8","targetHints":{"allow":["GET"]}}],"collection":[{"href":"https:\/\/bgsp-ev.de\/index.php?rest_route=\/wp\/v2\/pages"}],"about":[{"href":"https:\/\/bgsp-ev.de\/index.php?rest_route=\/wp\/v2\/types\/page"}],"author":[{"embeddable":true,"href":"https:\/\/bgsp-ev.de\/index.php?rest_route=\/wp\/v2\/users\/1"}],"replies":[{"embeddable":true,"href":"https:\/\/bgsp-ev.de\/index.php?rest_route=%2Fwp%2Fv2%2Fcomments&post=8"}],"version-history":[{"count":50,"href":"https:\/\/bgsp-ev.de\/index.php?rest_route=\/wp\/v2\/pages\/8\/revisions"}],"predecessor-version":[{"id":988,"href":"https:\/\/bgsp-ev.de\/index.php?rest_route=\/wp\/v2\/pages\/8\/revisions\/988"}],"wp:attachment":[{"href":"https:\/\/bgsp-ev.de\/index.php?rest_route=%2Fwp%2Fv2%2Fmedia&parent=8"}],"curies":[{"name":"wp","href":"https:\/\/api.w.org\/{rel}","templated":true}]}}